{"id":36,"date":"2023-07-05T14:55:52","date_gmt":"2023-07-05T12:55:52","guid":{"rendered":"http:\/\/industriasfac.com\/?page_id=36"},"modified":"2024-02-28T17:35:11","modified_gmt":"2024-02-28T16:35:11","slug":"blog","status":"publish","type":"page","link":"https:\/\/industriasfac.com\/ca\/bloc\/","title":{"rendered":"Not\u00edcies FAC"},"content":{"rendered":"<p>Explori les not\u00edcies d'Ind\u00fastries FAC i descobreixi les \u00faltimes novetats i tend\u00e8ncies del sector tecnol\u00f2gic de la ind\u00fastria aliment\u00e0ria.<\/p>","protected":false},"excerpt":{"rendered":"<p>Explori les not\u00edcies d'Ind\u00fastries FAC i descobreixi les \u00faltimes novetats i tend\u00e8ncies del sector tecnol\u00f2gic de la ind\u00fastria aliment\u00e0ria.<\/p>","protected":false},"author":1,"featured_media":0,"parent":0,"menu_order":0,"comment_status":"closed","ping_status":"closed","template":"page-blog.php","meta":{"footnotes":""},"class_list":["post-36","page","type-page","status-publish","hentry"],"acf":[],"_links":{"self":[{"href":"https:\/\/industriasfac.com\/ca\/wp-json\/wp\/v2\/pages\/36","targetHints":{"allow":["GET"]}}],"collection":[{"href":"https:\/\/industriasfac.com\/ca\/wp-json\/wp\/v2\/pages"}],"about":[{"href":"https:\/\/industriasfac.com\/ca\/wp-json\/wp\/v2\/types\/page"}],"author":[{"embeddable":true,"href":"https:\/\/industriasfac.com\/ca\/wp-json\/wp\/v2\/users\/1"}],"replies":[{"embeddable":true,"href":"https:\/\/industriasfac.com\/ca\/wp-json\/wp\/v2\/comments?post=36"}],"version-history":[{"count":4,"href":"https:\/\/industriasfac.com\/ca\/wp-json\/wp\/v2\/pages\/36\/revisions"}],"predecessor-version":[{"id":2008,"href":"https:\/\/industriasfac.com\/ca\/wp-json\/wp\/v2\/pages\/36\/revisions\/2008"}],"wp:attachment":[{"href":"https:\/\/industriasfac.com\/ca\/wp-json\/wp\/v2\/media?parent=36"}],"curies":[{"name":"wp","href":"https:\/\/api.w.org\/{rel}","templated":true}]}}