{"id":3,"date":"2023-04-08T18:51:20","date_gmt":"2023-04-08T18:51:20","guid":{"rendered":"http:\/\/industriasfac.com\/?page_id=3"},"modified":"2023-09-27T17:00:51","modified_gmt":"2023-09-27T15:00:51","slug":"politica-privacidad","status":"publish","type":"page","link":"https:\/\/industriasfac.com\/ca\/politica-privadesa\/","title":{"rendered":"Pol\u00edtica de Privadesa"},"content":{"rendered":"<p>En compliment de la Llei Org\u00e0nica 3\/2018, del 5 de desembre, de Protecci\u00f3 de Dades Personals i garantia dels drets digitals (LOPDGDD) i el Reglament (UE) 2016\/679 del Parlament Europeu i del Consell de 27 d&#039;abril de 2016 relatiu a la protecci\u00f3 de les persones f\u00edsiques pel que fa al tractament de dades personals ia la lliure circulaci\u00f3 d&#039;aquestes dades (RGPD), us informem:<\/p>\n\n\n\n<ol class=\"wp-block-list\">\n<li><strong>Responsable del tractament de dades<\/strong><\/li>\n<\/ol>\n\n\n\n<p>Les seves dades de car\u00e0cter personal seran tractades per INDUSTRIES FAC, SL, amb NIF B17121427 i domicili a la Carretera C-63, km. 23 de Santa Coloma de Farners (Girona), CP 17430.<\/p>\n\n\n\n<p>E-mail: <a href=\"mailto:info@industriasfac.com\">info@industriasfac.com<\/a><\/p>\n\n\n\n<ol class=\"wp-block-list\" start=\"2\">\n<li><strong>Finalitats<\/strong><\/li>\n<\/ol>\n\n\n\n<p>INDUSTRIES FAC, SL tractar\u00e0 les dades facilitades pels usuaris per a les finalitats seg\u00fcents:<\/p>\n\n\n\n<ul class=\"wp-block-list\">\n<li>Gestionar les vostres peticions d&#039;informaci\u00f3 o consultes.<\/li>\n\n\n\n<li>Gestionar, administrar i mantenir els serveis prestats i contractats.<\/li>\n\n\n\n<li>Mantenir-lo informat sobre els seus productes i\/o serveis.<\/li>\n\n\n\n<li>Gesti\u00f3 de curr\u00edculums, en relaci\u00f3 amb els processos de selecci\u00f3 de l&#039;entitat.<\/li>\n\n\n\n<li>Compliment de les nostres obligacions legals.<\/li>\n<\/ul>\n\n\n\n<ol class=\"wp-block-list\" start=\"3\">\n<li><strong>Exactitud i veracitat de les dades<\/strong><\/li>\n<\/ol>\n\n\n\n<p>Els usuaris s\u00f3n els \u00fanics responsables de la veracitat i correcci\u00f3 de les dades que remeti a INDUSTRIES FAC, SL, exoneran-nos de qualsevol responsabilitat al respecte.<\/p>\n\n\n\n<p>Els usuaris garanteixen i responen respecte a l&#039;exactitud, vig\u00e8ncia i veracitat de les dades personals facilitades, i es comprometen a mantenir-les degudament actualitzades.<\/p>\n\n\n\n<p>Els usuaris accepten proporcionar informaci\u00f3 completa i correcta als diferents formularis.<\/p>\n\n\n\n<ol class=\"wp-block-list\" start=\"4\">\n<li><strong>Legitimaci\u00f3 del tractament<\/strong><\/li>\n<\/ol>\n\n\n\n<p>El tractament de dades que realitza INDUSTRIES FAC, SL es troba legitimat pels motius seg\u00fcents:<\/p>\n\n\n\n<ul class=\"wp-block-list\">\n<li>El compliment dun contracte i\/o relaci\u00f3 comercial.<\/li>\n\n\n\n<li>Per inter\u00e8s leg\u00edtim per gestionar les sol\u00b7licituds dinformaci\u00f3, consultes o reclamacions.<\/li>\n\n\n\n<li>Consentiment prestat al moment de proporci\u00f3 de les dades.<\/li>\n<\/ul>\n\n\n\n<ol class=\"wp-block-list\" start=\"5\">\n<li><strong>Conservaci\u00f3 de les dades<\/strong><\/li>\n<\/ol>\n\n\n\n<p>Les vostres dades de car\u00e0cter personal seran conservades mentre es mantingui la relaci\u00f3 professional o comercial i durant els anys necessaris per al compliment de les nostres obligacions legals. En tot moment podeu revocar el vostre consentiment al tractament de les vostres dades personals, les quals es mantindran bloquejades d&#039;acord amb el que estableix el RGDP.<\/p>\n\n\n\n<ol class=\"wp-block-list\" start=\"6\">\n<li><strong>Comunicaci\u00f3 de dades<\/strong><\/li>\n<\/ol>\n\n\n\n<p>En alguns casos \u00e9s necess\u00e0ria la cessi\u00f3 de les vostres dades a tercers que prestin serveis associats al contracte, tant per a la seva formalitzaci\u00f3, gesti\u00f3 i\/o execuci\u00f3.&nbsp;<\/p>\n\n\n\n<p>En aquest sentit, per a la gesti\u00f3 de les finalitats inherents al desenvolupament i compliment del contracte, pot ser necessari i obligatori que les seves dades hagin de ser comunicades als diferents prove\u00efdors i altres prove\u00efdors de serveis, els quals \u00fanicament utilitzaran les dades personals, per donar compliment a fi del contracte. Les dades facilitades a tercers mantindran una estricta confidencialitat i no es faran servir de cap altra manera que la de complir amb el contracte.<\/p>\n\n\n\n<p>Hi ha tercers que presten serveis a favor d&#039;INDUSTRIES FAC, SL, els quals tenen acc\u00e9s a les dades personals, per\u00f2 en cap cas no poden fer un \u00fas de les dades de car\u00e0cter personal amb finalitats pr\u00f2pies.<\/p>\n\n\n\n<p>Les vostres dades personals estaran a disposici\u00f3 de les autoritats competents com Administracions P\u00fabliques, Cossos de Seguretat i Jutges i Tribunals en la mesura que ho exigeixi la Llei aix\u00ed com per al compliment de les nostres obligacions legals.<\/p>\n\n\n\n<ol class=\"wp-block-list\" start=\"7\">\n<li><strong>Exercici dels drets<\/strong><\/li>\n<\/ol>\n\n\n\n<p>Qualsevol persona t\u00e9 dret a obtenir confirmaci\u00f3 si INDUSTRIES FAC, SL tracta les seves dades de car\u00e0cter personal. Les persones interessades tenen dret a accedir a les seves dades, sol\u00b7licitar-ne la rectificaci\u00f3 i la supressi\u00f3 quan les seves dades ja no siguin necess\u00e0ries per a la finalitat per a la qual van ser recollides. En determinades circumst\u00e0ncies, els interessats podran oposar-se al tractament de les dades INDUSTRIES FAC, SL, deixar\u00e0 de tractar les seves dades, excepte per motius leg\u00edtims o l&#039;exercici o la defensa de possibles reclamacions. Podeu interposar qualsevol reclamaci\u00f3 davant l&#039;Ag\u00e8ncia Espanyola de Protecci\u00f3 de Dades.<\/p>\n\n\n\n<p>Per tal de poder exercir els vostres drets haureu d&#039;adre\u00e7ar-vos a INDUSTRIES FAC, SL mitjan\u00e7ant comunicaci\u00f3 escrita a trav\u00e9s de correu postal o correu electr\u00f2nic, a les adreces indicades del responsable del fitxer.<\/p>","protected":false},"excerpt":{"rendered":"<p>En compliment de la Llei Org\u00e0nica 3\/2018, del 5 de desembre, de Protecci\u00f3 de Dades Personals i garantia dels drets digitals (LOPDGDD) i el Reglament (UE) 2016\/679 del Parlament Europeu i del Consell de 27 d&#039;abril de 2016 relatiu a la protecci\u00f3 de les persones f\u00edsiques pel que fa al tractament de [\u2026]<\/p>","protected":false},"author":1,"featured_media":0,"parent":0,"menu_order":0,"comment_status":"closed","ping_status":"open","template":"page-legal.php","meta":{"footnotes":""},"class_list":["post-3","page","type-page","status-publish","hentry"],"acf":[],"_links":{"self":[{"href":"https:\/\/industriasfac.com\/ca\/wp-json\/wp\/v2\/pages\/3","targetHints":{"allow":["GET"]}}],"collection":[{"href":"https:\/\/industriasfac.com\/ca\/wp-json\/wp\/v2\/pages"}],"about":[{"href":"https:\/\/industriasfac.com\/ca\/wp-json\/wp\/v2\/types\/page"}],"author":[{"embeddable":true,"href":"https:\/\/industriasfac.com\/ca\/wp-json\/wp\/v2\/users\/1"}],"replies":[{"embeddable":true,"href":"https:\/\/industriasfac.com\/ca\/wp-json\/wp\/v2\/comments?post=3"}],"version-history":[{"count":3,"href":"https:\/\/industriasfac.com\/ca\/wp-json\/wp\/v2\/pages\/3\/revisions"}],"predecessor-version":[{"id":5206,"href":"https:\/\/industriasfac.com\/ca\/wp-json\/wp\/v2\/pages\/3\/revisions\/5206"}],"wp:attachment":[{"href":"https:\/\/industriasfac.com\/ca\/wp-json\/wp\/v2\/media?parent=3"}],"curies":[{"name":"wp","href":"https:\/\/api.w.org\/{rel}","templated":true}]}}