{"id":287,"date":"2023-07-24T13:24:25","date_gmt":"2023-07-24T11:24:25","guid":{"rendered":"http:\/\/industriasfac.com\/?page_id=287"},"modified":"2024-02-28T17:37:34","modified_gmt":"2024-02-28T16:37:34","slug":"politica-de-cookies","status":"publish","type":"page","link":"https:\/\/industriasfac.com\/ca\/politica-de-galetes\/","title":{"rendered":"Pol\u00edtica de Galetes"},"content":{"rendered":"<p>INDUSTRIES FAC, SL, informa que aquest lloc web utilitza galetes pr\u00f2pies i de tercers per millorar els nostres serveis i mostrar publicitat relacionada amb les seves prefer\u00e8ncies mitjan\u00e7ant l'an\u00e0lisi de la navegaci\u00f3.<\/p>\n\n\n\n<ol class=\"wp-block-list\">\n<li><strong>Qu\u00e8 \u00e9s una galeta?<\/strong><\/li>\n<\/ol>\n\n\n\n<p>Una galeta \u00e9s un fitxer que es descarrega al vostre ordinador en accedir a determinades p\u00e0gines web. Les galetes permeten a una p\u00e0gina web, en altres coses, emmagatzemar i recuperar informaci\u00f3 sobre els h\u00e0bits de navegaci\u00f3 d'un usuari o del seu equip i, depenent de la informaci\u00f3 que continguin i de la manera que utilitzi el seu equip, es poden utilitzar per recon\u00e8ixer el usuari.<\/p>\n\n\n\n<p>Podem distingir diversos tipus de galetes segons la seva finalitat:<\/p>\n\n\n\n<ul class=\"wp-block-list\">\n<li>Galetes t\u00e8cniques: Permeten a l'usuari la navegaci\u00f3 a trav\u00e9s de la p\u00e0gina web facilitant els serveis que ofereix la web com identificar la sessi\u00f3, accedir a parts d'acc\u00e9s restringit, recordar elements d'una comanda, realitzar el proc\u00e9s de compra, facilitar funcionalitats (v\u00eddeos , xarxes socials, etc.).<\/li>\n\n\n\n<li>Galetes de personalitzaci\u00f3: Permeten a l'usuari accedir al servei amb algunes caracter\u00edstiques predefinides com ara idioma, navegador, configuraci\u00f3, etc.<\/li>\n\n\n\n<li>Galetes d&#039;an\u00e0lisi: Permeten l&#039;an\u00e0lisi an\u00f2nima del comportament dels usuaris a la web i permeten mesurar l&#039;activitat dels llocs web i elaborar perfils de navegaci\u00f3 per tal d&#039;introduir millores en funci\u00f3 de l&#039;an\u00e0lisi de les dades.<\/li>\n\n\n\n<li>Galetes publicit\u00e0ries: Permeten la gesti\u00f3 dels espais publicitaris inclosos a la web.<\/li>\n\n\n\n<li>Galetes de publicitat comportamental: Permeten la gesti\u00f3 dels espais publicitaris de la web sobre la base del comportament dels usuaris a trav\u00e9s de l&#039;observaci\u00f3 dels seus h\u00e0bits de navegaci\u00f3.<\/li>\n<\/ul>\n\n\n\n<p>La llei estableix que podem emmagatzemar galetes al vostre dispositiu si s\u00f3n estrictament necess\u00e0ries per al funcionament d&#039;aquest lloc web. Per a tots els altres tipus de galetes \u00e9s necessari el vostre perm\u00eds.<\/p>\n\n\n\n<p>En concret INDUSTRIES FAC utilitza el seg\u00fcent tipus de cookies:<\/p>\n\n\n\n<figure class=\"wp-block-table\"><table><tbody><tr><td><strong>NOM<\/strong><\/td><td><strong>TIPUS<\/strong><\/td><td><strong>FINALITAT<\/strong><\/td><td><strong>TERMINI<\/strong><\/td><\/tr><tr><td><strong>ASP.NET_SessionId<\/strong><\/td><td><\/td><td>Mesures de seguretat al control de sessions.<\/td><td>Sessi\u00f3<\/td><\/tr><tr><td><strong>_gid<\/strong><\/td><td>Anal\u00edtica<\/td><td>Cookie generada per Google Analytics, s&#039;utilitza per distingir els usuaris<\/td><td>24 hores<\/td><\/tr><tr><td><strong>_ga<\/strong><\/td><td>Anal\u00edtica<\/td><td>Cookie de Google Analytics, per fer seguiment de visites \u00faniques, emmagatzemant el nombre de visitants<\/td><td>1 Any<\/td><\/tr><tr><td><strong>_gat<\/strong><\/td><td>Anal\u00edtica<\/td><td>Cookie generada per Google Analytics que permet la mesura i an\u00e0lisi de la navegaci\u00f3 a p\u00e0gines web.<\/td><td>Sessi\u00f3<\/td><\/tr><\/tbody><\/table><\/figure>\n\n\n\n<p>Us informem que podeu permetre, bloquejar o eliminar les galetes instal\u00b7lades al vostre equip mitjan\u00e7ant la configuraci\u00f3 de les opcions del navegador instal\u00b7lat al vostre ordinador.<\/p>\n\n\n\n<ul class=\"wp-block-list\">\n<li>Chrome: Configuraci\u00f3 &gt; Mostra opcions avan\u00e7ades &gt; Privadesa &gt; Configuraci\u00f3 de contingut<\/li>\n\n\n\n<li>Firefox: Eines &gt; Opcions &gt; Privadesa &gt; Historial &gt; Configuraci\u00f3 personalitzada<\/li>\n\n\n\n<li>Internet Explorer: Eines &gt; Opcions d&#039;Internet &gt; Privadesa &gt; Configuraci\u00f3<\/li>\n\n\n\n<li>Safari: Prefer\u00e8ncies &gt; Seguretat<\/li>\n<\/ul>","protected":false},"excerpt":{"rendered":"<p>INDUSTRIES FAC, SL, informa que aquest lloc web utilitza cookies pr\u00f2pies i de tercers per millorar els nostres serveis i mostrar publicitat relacionada amb les seves prefer\u00e8ncies mitjan\u00e7ant l&#039;an\u00e0lisi de la navegaci\u00f3. Una galeta \u00e9s un fitxer que es descarrega al vostre ordinador en accedir a determinades p\u00e0gines web. Les cookies permeten a una p\u00e0gina web, [\u2026]<\/p>","protected":false},"author":1,"featured_media":0,"parent":0,"menu_order":0,"comment_status":"closed","ping_status":"closed","template":"page-legal.php","meta":{"footnotes":""},"class_list":["post-287","page","type-page","status-publish","hentry"],"acf":[],"_links":{"self":[{"href":"https:\/\/industriasfac.com\/ca\/wp-json\/wp\/v2\/pages\/287","targetHints":{"allow":["GET"]}}],"collection":[{"href":"https:\/\/industriasfac.com\/ca\/wp-json\/wp\/v2\/pages"}],"about":[{"href":"https:\/\/industriasfac.com\/ca\/wp-json\/wp\/v2\/types\/page"}],"author":[{"embeddable":true,"href":"https:\/\/industriasfac.com\/ca\/wp-json\/wp\/v2\/users\/1"}],"replies":[{"embeddable":true,"href":"https:\/\/industriasfac.com\/ca\/wp-json\/wp\/v2\/comments?post=287"}],"version-history":[{"count":4,"href":"https:\/\/industriasfac.com\/ca\/wp-json\/wp\/v2\/pages\/287\/revisions"}],"predecessor-version":[{"id":2241,"href":"https:\/\/industriasfac.com\/ca\/wp-json\/wp\/v2\/pages\/287\/revisions\/2241"}],"wp:attachment":[{"href":"https:\/\/industriasfac.com\/ca\/wp-json\/wp\/v2\/media?parent=287"}],"curies":[{"name":"wp","href":"https:\/\/api.w.org\/{rel}","templated":true}]}}