{"id":167,"date":"2023-07-11T10:55:51","date_gmt":"2023-07-11T08:55:51","guid":{"rendered":"http:\/\/industriasfac.com\/?page_id=167"},"modified":"2024-03-28T09:04:12","modified_gmt":"2024-03-28T08:04:12","slug":"carnico","status":"publish","type":"page","link":"https:\/\/industriasfac.com\/ca\/sectors\/carni\/","title":{"rendered":"Carni"},"content":{"rendered":"<p>Dissenyem maquin\u00e0ria per optimitzar la producci\u00f3 en la ind\u00fastria c\u00e0rnia, impulsant l'efici\u00e8ncia i qualitat.<\/p>","protected":false},"excerpt":{"rendered":"<p>Dissenyem maquin\u00e0ria per optimitzar la producci\u00f3 en la ind\u00fastria c\u00e0rnia, impulsant l'efici\u00e8ncia i qualitat.<\/p>","protected":false},"author":1,"featured_media":1786,"parent":68,"menu_order":0,"comment_status":"closed","ping_status":"closed","template":"page-sector-single.php","meta":{"footnotes":""},"class_list":["post-167","page","type-page","status-publish","has-post-thumbnail","hentry"],"acf":[],"_links":{"self":[{"href":"https:\/\/industriasfac.com\/ca\/wp-json\/wp\/v2\/pages\/167","targetHints":{"allow":["GET"]}}],"collection":[{"href":"https:\/\/industriasfac.com\/ca\/wp-json\/wp\/v2\/pages"}],"about":[{"href":"https:\/\/industriasfac.com\/ca\/wp-json\/wp\/v2\/types\/page"}],"author":[{"embeddable":true,"href":"https:\/\/industriasfac.com\/ca\/wp-json\/wp\/v2\/users\/1"}],"replies":[{"embeddable":true,"href":"https:\/\/industriasfac.com\/ca\/wp-json\/wp\/v2\/comments?post=167"}],"version-history":[{"count":9,"href":"https:\/\/industriasfac.com\/ca\/wp-json\/wp\/v2\/pages\/167\/revisions"}],"predecessor-version":[{"id":2307,"href":"https:\/\/industriasfac.com\/ca\/wp-json\/wp\/v2\/pages\/167\/revisions\/2307"}],"up":[{"embeddable":true,"href":"https:\/\/industriasfac.com\/ca\/wp-json\/wp\/v2\/pages\/68"}],"wp:featuredmedia":[{"embeddable":true,"href":"https:\/\/industriasfac.com\/ca\/wp-json\/wp\/v2\/media\/1786"}],"wp:attachment":[{"href":"https:\/\/industriasfac.com\/ca\/wp-json\/wp\/v2\/media?parent=167"}],"curies":[{"name":"wp","href":"https:\/\/api.w.org\/{rel}","templated":true}]}}