{"id":165,"date":"2023-07-11T10:59:16","date_gmt":"2023-07-11T08:59:16","guid":{"rendered":"http:\/\/industriasfac.com\/?page_id=165"},"modified":"2024-03-28T09:00:17","modified_gmt":"2024-03-28T08:00:17","slug":"avicola","status":"publish","type":"page","link":"https:\/\/industriasfac.com\/ca\/sectors\/avicola\/","title":{"rendered":"Av\u00edcola"},"content":{"rendered":"<p>A Ind\u00fastries FAC millorem la producci\u00f3 av\u00edcola a cada pas amb maquin\u00e0ria per desossat, pelat, envasat, i m\u00e9s.<\/p>","protected":false},"excerpt":{"rendered":"<p>A Ind\u00fastries FAC millorem la producci\u00f3 av\u00edcola a cada pas amb maquin\u00e0ria per desossat, pelat, envasat, i m\u00e9s.<\/p>","protected":false},"author":1,"featured_media":1787,"parent":68,"menu_order":0,"comment_status":"closed","ping_status":"closed","template":"page-sector-single.php","meta":{"footnotes":""},"class_list":["post-165","page","type-page","status-publish","has-post-thumbnail","hentry"],"acf":[],"_links":{"self":[{"href":"https:\/\/industriasfac.com\/ca\/wp-json\/wp\/v2\/pages\/165","targetHints":{"allow":["GET"]}}],"collection":[{"href":"https:\/\/industriasfac.com\/ca\/wp-json\/wp\/v2\/pages"}],"about":[{"href":"https:\/\/industriasfac.com\/ca\/wp-json\/wp\/v2\/types\/page"}],"author":[{"embeddable":true,"href":"https:\/\/industriasfac.com\/ca\/wp-json\/wp\/v2\/users\/1"}],"replies":[{"embeddable":true,"href":"https:\/\/industriasfac.com\/ca\/wp-json\/wp\/v2\/comments?post=165"}],"version-history":[{"count":8,"href":"https:\/\/industriasfac.com\/ca\/wp-json\/wp\/v2\/pages\/165\/revisions"}],"predecessor-version":[{"id":2306,"href":"https:\/\/industriasfac.com\/ca\/wp-json\/wp\/v2\/pages\/165\/revisions\/2306"}],"up":[{"embeddable":true,"href":"https:\/\/industriasfac.com\/ca\/wp-json\/wp\/v2\/pages\/68"}],"wp:featuredmedia":[{"embeddable":true,"href":"https:\/\/industriasfac.com\/ca\/wp-json\/wp\/v2\/media\/1787"}],"wp:attachment":[{"href":"https:\/\/industriasfac.com\/ca\/wp-json\/wp\/v2\/media?parent=165"}],"curies":[{"name":"wp","href":"https:\/\/api.w.org\/{rel}","templated":true}]}}